{"id":487,"date":"2020-08-07T05:03:22","date_gmt":"2020-08-07T05:03:22","guid":{"rendered":"https:\/\/klimahau.com\/plat\/?page_id=487"},"modified":"2020-08-18T06:14:34","modified_gmt":"2020-08-18T06:14:34","slug":"camina-tranquila-mostrando-al-mundo-quien-eres-sin-importar-que-opinen-los-demas-06-09-2007","status":"publish","type":"page","link":"https:\/\/klimahau.com\/plat\/camina-tranquila-mostrando-al-mundo-quien-eres-sin-importar-que-opinen-los-demas-06-09-2007\/","title":{"rendered":"Camina tranquila mostrando al mundo qui\u00e9n eres sin importar que opinen los dem\u00e1s (06-09-2007)"},"content":{"rendered":"<p>Deja que tu resplandor ilumine a quien est\u00e1 a tu lado, que t\u00fa fuerza fortalezca a quien tengas al lado, que tu amor sane a quien tengas al lado.<br \/>\nNo contamines tu coraz\u00f3n y tu mente con cuestiones que pertenecen a los dem\u00e1s.<br \/>\nLibera de tu Alma cualquier apego, cualquier atadura.<br \/>\nDeja que tu voz se transforme en la voz de la Verdad.<br \/>\nQue tu Luz se transforme en la Luz de la Verdad.<br \/>\nQue tu Amor se transforme en el Amor de la Verdad.<br \/>\nR\u00ede sin importar cuanto cueste.<br \/>\nVive sin importar cuanto cueste.<br \/>\nSana sin importar cuanto cueste.<br \/>\nDa gracias por qui\u00e9n eres y por todo lo que manifiestas en los dem\u00e1s.<br \/>\nDeja para nosotros aquellas cosas que te superan y que no puedes modificar.<br \/>\nSiente que con el sentir de nuestra Luz sientes la propia vida del Universo fluir dentro tuyo.<br \/>\nSabemos cu\u00e1nto representa el esfuerzo que te pedimos y cuanto necesitas saberte amada y cuidada, pero aqu\u00ed estamos para amarte y cuidarte. S\u00e9 feliz. S\u00e9 t\u00fa. S\u00e9 una bella flor que libera su fragancia sin importar quien la aprecia.<br \/>\nVive. R\u00ede. Canta. Juega.<br \/>\n\u00danete a las flores, los p\u00e1jaros, la Madre Naturaleza.<br \/>\n\u00danete a la Familia Universal y ser\u00e1s realmente feliz, completa tu dicha y tu Luz intacta.<br \/>\nGomaia Hametim. Somos los Maestros de la Luz que velamos tu camino aqu\u00ed, ahora y siempre.<br \/>\nAm\u00e9n. Am\u00e9n. Am\u00e9n.<\/p>\n","protected":false},"excerpt":{"rendered":"<p>Deja que tu resplandor ilumine a quien est\u00e1 a tu lado, que t\u00fa fuerza fortalezca a quien tengas al lado, que tu amor sane a quien tengas al lado. No contamines tu coraz\u00f3n y tu mente con cuestiones que pertenecen a los dem\u00e1s. Libera de tu Alma cualquier apego, cualquier atadura. Deja que tu voz&hellip; <br \/> <a class=\"read-more\" href=\"https:\/\/klimahau.com\/plat\/camina-tranquila-mostrando-al-mundo-quien-eres-sin-importar-que-opinen-los-demas-06-09-2007\/\">Leer m\u00e1s<\/a><\/p>\n","protected":false},"author":1,"featured_media":0,"parent":0,"menu_order":0,"comment_status":"closed","ping_status":"closed","template":"page-templates\/page-with-right-sidebar.php","meta":[],"_links":{"self":[{"href":"https:\/\/klimahau.com\/plat\/wp-json\/wp\/v2\/pages\/487"}],"collection":[{"href":"https:\/\/klimahau.com\/plat\/wp-json\/wp\/v2\/pages"}],"about":[{"href":"https:\/\/klimahau.com\/plat\/wp-json\/wp\/v2\/types\/page"}],"author":[{"embeddable":true,"href":"https:\/\/klimahau.com\/plat\/wp-json\/wp\/v2\/users\/1"}],"replies":[{"embeddable":true,"href":"https:\/\/klimahau.com\/plat\/wp-json\/wp\/v2\/comments?post=487"}],"version-history":[{"count":1,"href":"https:\/\/klimahau.com\/plat\/wp-json\/wp\/v2\/pages\/487\/revisions"}],"predecessor-version":[{"id":489,"href":"https:\/\/klimahau.com\/plat\/wp-json\/wp\/v2\/pages\/487\/revisions\/489"}],"wp:attachment":[{"href":"https:\/\/klimahau.com\/plat\/wp-json\/wp\/v2\/media?parent=487"}],"curies":[{"name":"wp","href":"https:\/\/api.w.org\/{rel}","templated":true}]}}