{"id":484,"date":"2020-08-07T05:02:37","date_gmt":"2020-08-07T05:02:37","guid":{"rendered":"https:\/\/klimahau.com\/plat\/?page_id=484"},"modified":"2020-08-18T06:15:28","modified_gmt":"2020-08-18T06:15:28","slug":"una-sola-cosa-es-importante-para-mi-y-es-cuanto-amor-tengan-para-dar-07-04-2006","status":"publish","type":"page","link":"https:\/\/klimahau.com\/plat\/una-sola-cosa-es-importante-para-mi-y-es-cuanto-amor-tengan-para-dar-07-04-2006\/","title":{"rendered":"Una sola cosa es importante para m\u00ed y es cuanto Amor tengan para dar. (07-04-2006)"},"content":{"rendered":"<p>Una sola cosa es importante para m\u00ed y es cuanto Amor tengan para dar.<br \/>\nCuanto se sientan rio, \u00e1rbol, planta, bellota o camino.<br \/>\nCuanto se sientan luz de estrellas o fuerza de la tierra.<br \/>\nCuanto se reconozcan aire, monta\u00f1a, sembrad\u00edo, jard\u00edn o paloma.<br \/>\nCuanto vibre en ustedes ser delf\u00edn, perro o ballena.<br \/>\nUna sola cosa es necesaria para m\u00ed y es cuanto vibre en ustedes el Amor de los Seres del Sol, los \u00c1ngeles de Luz Solar.<br \/>\nCuanto se sientan hermanos de las profundidades de la Tierra.<br \/>\nCuanto se sientan hermanos de la inmensidad del Cosmos.<br \/>\nUna sola cosa es importante para m\u00ed.<br \/>\nY es cuanto se sientan unidos a trav\u00e9s de los milenios de Toda la Creaci\u00f3n.<br \/>\nCuanto se sientan seres interplanetarios, maestros o hierba.<br \/>\nUna sola cosa es importante para m\u00ed.<br \/>\nY es cuanto ustedes son capaces de despertar y entregar la misma Luz que nos une a todos.<br \/>\nEsa Luz que es la Semilla Divina de la que todos estamos compuestos es el Amor Incondicional.<br \/>\nUna sola cosa es importante para m\u00ed y es el Amor Incondicional que puedan sentir en todos sus cuerpos. En su coraz\u00f3n, en su Mente Inferior, en su Mente Superior, en sus c\u00e9lulas f\u00edsicas, en sus emociones y todo lo que los rodea.<br \/>\nUna sola cosa es importante para m\u00ed y es esa manifestaci\u00f3n de Amor Incondicional transformado en la m\u00e1s poderosa herramienta que posean para cumplir con su Plan en este Planeta.<br \/>\nUna sola cosa es importante para m\u00ed y es como a trav\u00e9s del Amor Incondicional activan en ustedes el Amor a Todo Lo Que Es y el Servicio se realiza sin compromiso, sin esfuerzo, sin sacrificios.<br \/>\nEl Servicio al Planeta, al Universo, a los Hermanos Magos, a los \u00c1ngeles del Sol, a los Seres Superiores de las Estrellas, el servicio a los seres m\u00e1s peque\u00f1os que ustedes. El servicio hacia quienes no est\u00e1n despiertos a\u00fan.<br \/>\nUna sola cosa es importante para m\u00ed y es que se unan a Todo Lo Que Es, desde el m\u00e1s puro y brillante Amor Incondicional y amen, amen, amen. Amen sin importar las barreras sociales, sin tener en cuenta las diferencias. Sin esperar nada a cambio y es ah\u00ed donde todo estar\u00e1 al alcance de sus manos.<br \/>\nEs ah\u00ed donde basta con pensarlo para tenerlo, cualquier cosa que sea.<br \/>\nLa Luz, el conocimiento, el entendimiento y hasta un castillo de cristal si as\u00ed quisieran.<br \/>\nUna sola cosa es importante para m\u00ed y es que por fin comprendan que la m\u00e1s grande herramienta que poseen est\u00e1 en Ustedes desde los Tiempos de los Tiempos y aqu\u00ed y ahora es el Tiempo del Padre.<br \/>\nUna sola cosa es importante para m\u00ed y es que vivan unidos a la Luz y la expandan donde quieran que est\u00e9n.<br \/>\nDesde aqu\u00ed y en sus corazones estoy expandiendo todo Mi Amor, mi Amor Incondicional hacia ustedes y abriendo sus corazones para quedarme en ellos. Les doy las gracias por ser conscientes de mi presencia.<br \/>\nLos amo y me quedo en ustedes, en la Tierra y en el Cielo.<br \/>\nLos tres soles que iluminan su existencia me llevan a su centro para liberarlos.<br \/>\nLos Amo.<br \/>\nEl Se\u00f1or de los D\u00edas.<\/p>\n","protected":false},"excerpt":{"rendered":"<p>Una sola cosa es importante para m\u00ed y es cuanto Amor tengan para dar. Cuanto se sientan rio, \u00e1rbol, planta, bellota o camino. Cuanto se sientan luz de estrellas o fuerza de la tierra. Cuanto se reconozcan aire, monta\u00f1a, sembrad\u00edo, jard\u00edn o paloma. Cuanto vibre en ustedes ser delf\u00edn, perro o ballena. Una sola cosa&hellip; <br \/> <a class=\"read-more\" href=\"https:\/\/klimahau.com\/plat\/una-sola-cosa-es-importante-para-mi-y-es-cuanto-amor-tengan-para-dar-07-04-2006\/\">Leer m\u00e1s<\/a><\/p>\n","protected":false},"author":1,"featured_media":0,"parent":0,"menu_order":0,"comment_status":"closed","ping_status":"closed","template":"page-templates\/page-with-right-sidebar.php","meta":[],"_links":{"self":[{"href":"https:\/\/klimahau.com\/plat\/wp-json\/wp\/v2\/pages\/484"}],"collection":[{"href":"https:\/\/klimahau.com\/plat\/wp-json\/wp\/v2\/pages"}],"about":[{"href":"https:\/\/klimahau.com\/plat\/wp-json\/wp\/v2\/types\/page"}],"author":[{"embeddable":true,"href":"https:\/\/klimahau.com\/plat\/wp-json\/wp\/v2\/users\/1"}],"replies":[{"embeddable":true,"href":"https:\/\/klimahau.com\/plat\/wp-json\/wp\/v2\/comments?post=484"}],"version-history":[{"count":1,"href":"https:\/\/klimahau.com\/plat\/wp-json\/wp\/v2\/pages\/484\/revisions"}],"predecessor-version":[{"id":486,"href":"https:\/\/klimahau.com\/plat\/wp-json\/wp\/v2\/pages\/484\/revisions\/486"}],"wp:attachment":[{"href":"https:\/\/klimahau.com\/plat\/wp-json\/wp\/v2\/media?parent=484"}],"curies":[{"name":"wp","href":"https:\/\/api.w.org\/{rel}","templated":true}]}}