{"id":481,"date":"2020-08-07T05:01:33","date_gmt":"2020-08-07T05:01:33","guid":{"rendered":"https:\/\/klimahau.com\/plat\/?page_id=481"},"modified":"2020-08-18T06:14:34","modified_gmt":"2020-08-18T06:14:34","slug":"la-verdad-puede-ser-develada-16-07-2002","status":"publish","type":"page","link":"https:\/\/klimahau.com\/plat\/la-verdad-puede-ser-develada-16-07-2002\/","title":{"rendered":"La verdad puede ser develada (16-07-2002)"},"content":{"rendered":"<p>La verdad puede ser develada<br \/>\nLa verdad est\u00e1 en el centro de sus corazones.<br \/>\nLa verdad es la Luz del Padre fluyendo en su Alma.<br \/>\nDeber\u00e1n honrarla y glorificarla.<br \/>\nLas ense\u00f1anzas que reciben est\u00e1n siendo transmitidas para que encuentren esta Verdad, para que sean Antorchas.<br \/>\nLa Verdad solo puede ser descubierta despu\u00e9s de encontrarse con todas sus sombras.<br \/>\nCada una de ellas vivirlas y sentirlas.<br \/>\nRecuerden que es la Luz de su coraz\u00f3n.<br \/>\nLa Luz del Padre fluyendo en su Alma.<br \/>\nCuando quieran bajar los brazos encuentren la Luz en su coraz\u00f3n.<br \/>\nNo permitir\u00e9 que nada les ocurra.<br \/>\nJam\u00e1s teman si est\u00e1n en el camino de la Verdad, la Verdad Divina.<br \/>\nAmor, Verdad, Entrega.<br \/>\nEntrega que quiere decir: \u201cAbsoluto Poder\u201d.<\/p>\n","protected":false},"excerpt":{"rendered":"<p>La verdad puede ser develada La verdad est\u00e1 en el centro de sus corazones. La verdad es la Luz del Padre fluyendo en su Alma. Deber\u00e1n honrarla y glorificarla. Las ense\u00f1anzas que reciben est\u00e1n siendo transmitidas para que encuentren esta Verdad, para que sean Antorchas. La Verdad solo puede ser descubierta despu\u00e9s de encontrarse con&hellip; <br \/> <a class=\"read-more\" href=\"https:\/\/klimahau.com\/plat\/la-verdad-puede-ser-develada-16-07-2002\/\">Leer m\u00e1s<\/a><\/p>\n","protected":false},"author":1,"featured_media":0,"parent":0,"menu_order":0,"comment_status":"closed","ping_status":"closed","template":"page-templates\/page-with-right-sidebar.php","meta":[],"_links":{"self":[{"href":"https:\/\/klimahau.com\/plat\/wp-json\/wp\/v2\/pages\/481"}],"collection":[{"href":"https:\/\/klimahau.com\/plat\/wp-json\/wp\/v2\/pages"}],"about":[{"href":"https:\/\/klimahau.com\/plat\/wp-json\/wp\/v2\/types\/page"}],"author":[{"embeddable":true,"href":"https:\/\/klimahau.com\/plat\/wp-json\/wp\/v2\/users\/1"}],"replies":[{"embeddable":true,"href":"https:\/\/klimahau.com\/plat\/wp-json\/wp\/v2\/comments?post=481"}],"version-history":[{"count":1,"href":"https:\/\/klimahau.com\/plat\/wp-json\/wp\/v2\/pages\/481\/revisions"}],"predecessor-version":[{"id":483,"href":"https:\/\/klimahau.com\/plat\/wp-json\/wp\/v2\/pages\/481\/revisions\/483"}],"wp:attachment":[{"href":"https:\/\/klimahau.com\/plat\/wp-json\/wp\/v2\/media?parent=481"}],"curies":[{"name":"wp","href":"https:\/\/api.w.org\/{rel}","templated":true}]}}