{"id":474,"date":"2020-08-07T04:59:28","date_gmt":"2020-08-07T04:59:28","guid":{"rendered":"https:\/\/klimahau.com\/plat\/?page_id=474"},"modified":"2020-08-18T06:14:34","modified_gmt":"2020-08-18T06:14:34","slug":"cada-vez-que-se-afloja-el-interes-por-el-crecimiento-22-04-2008","status":"publish","type":"page","link":"https:\/\/klimahau.com\/plat\/cada-vez-que-se-afloja-el-interes-por-el-crecimiento-22-04-2008\/","title":{"rendered":"Cada vez que se afloja el inter\u00e9s por el crecimiento (22-04-2008):"},"content":{"rendered":"<p>Cada vez que se afloja el inter\u00e9s por el crecimiento se pierde una oportunidad de ser en la estructura estable del crecimiento de un pueblo.<br \/>\nNada es tan temeroso como el recuerdo del caos que atraer\u00e1 para s\u00ed m\u00e1s caos.<br \/>\nLa Fuerza se agiganta cuando conectan su Luz a la Luz de la Radial del Universo.<br \/>\nSi saben que todo es como debe ser, nada estar\u00e1 carente.<br \/>\nNadie vivir\u00e1 carencias y nadie sufrir\u00e1 impedimentos ni obst\u00e1culos.<br \/>\nLa soluci\u00f3n al dolor y al temor es unirse y en equipo.<br \/>\nAlcanzar la Fuerza necesaria, unidos y activos vibrando en La Ley del Padre volver\u00e1n a restablecer la Paz, el Orden y la Sabidur\u00eda.<br \/>\nTodo es Orden, Paz, Cambio.<br \/>\nEterno Movimiento. B\u00fasqueda Constante.<br \/>\nAmor. Luz. Fuerza. Paz. Cooperaci\u00f3n.<br \/>\nActiven su centro aqu\u00ed y ahora.<br \/>\nAm\u00e9n. Am\u00e9n. Am\u00e9n.<\/p>\n","protected":false},"excerpt":{"rendered":"<p>Cada vez que se afloja el inter\u00e9s por el crecimiento se pierde una oportunidad de ser en la estructura estable del crecimiento de un pueblo. Nada es tan temeroso como el recuerdo del caos que atraer\u00e1 para s\u00ed m\u00e1s caos. La Fuerza se agiganta cuando conectan su Luz a la Luz de la Radial del&hellip; <br \/> <a class=\"read-more\" href=\"https:\/\/klimahau.com\/plat\/cada-vez-que-se-afloja-el-interes-por-el-crecimiento-22-04-2008\/\">Leer m\u00e1s<\/a><\/p>\n","protected":false},"author":1,"featured_media":0,"parent":0,"menu_order":0,"comment_status":"closed","ping_status":"closed","template":"page-templates\/page-with-right-sidebar.php","meta":[],"_links":{"self":[{"href":"https:\/\/klimahau.com\/plat\/wp-json\/wp\/v2\/pages\/474"}],"collection":[{"href":"https:\/\/klimahau.com\/plat\/wp-json\/wp\/v2\/pages"}],"about":[{"href":"https:\/\/klimahau.com\/plat\/wp-json\/wp\/v2\/types\/page"}],"author":[{"embeddable":true,"href":"https:\/\/klimahau.com\/plat\/wp-json\/wp\/v2\/users\/1"}],"replies":[{"embeddable":true,"href":"https:\/\/klimahau.com\/plat\/wp-json\/wp\/v2\/comments?post=474"}],"version-history":[{"count":1,"href":"https:\/\/klimahau.com\/plat\/wp-json\/wp\/v2\/pages\/474\/revisions"}],"predecessor-version":[{"id":477,"href":"https:\/\/klimahau.com\/plat\/wp-json\/wp\/v2\/pages\/474\/revisions\/477"}],"wp:attachment":[{"href":"https:\/\/klimahau.com\/plat\/wp-json\/wp\/v2\/media?parent=474"}],"curies":[{"name":"wp","href":"https:\/\/api.w.org\/{rel}","templated":true}]}}