{"id":471,"date":"2020-08-07T01:40:30","date_gmt":"2020-08-07T01:40:30","guid":{"rendered":"https:\/\/klimahau.com\/plat\/?page_id=471"},"modified":"2020-08-18T06:14:34","modified_gmt":"2020-08-18T06:14:34","slug":"el-peso-de-las-responsabilidades-08-01-2008","status":"publish","type":"page","link":"https:\/\/klimahau.com\/plat\/el-peso-de-las-responsabilidades-08-01-2008\/","title":{"rendered":"El peso de las responsabilidades (08-01-2008):"},"content":{"rendered":"<p>El peso de las responsabilidades hace que teman y se olviden de la verdadera Fuerza de su Esp\u00edritu.<br \/>\nLa Luz que se expande debe aliviar su carga sin producir nuevas obligaciones.<br \/>\nLa Luz que se manifiesta est\u00e1.<br \/>\nLos temores s\u00f3lo llevan a la sombra.<br \/>\nLa severidad, la seriedad, es producto de la cultura; la cultura que crea una ficci\u00f3n para que el Alma no pueda expandirse.<br \/>\nAlegr\u00eda en los actos.<br \/>\nAlegr\u00eda en los pensamientos.<br \/>\nAlegr\u00eda en la palabra.<br \/>\nEsa es la soluci\u00f3n a todos los temores.<br \/>\nSi\u00e9ntanse libres de ser ustedes mismos.<br \/>\nSi\u00e9ntanse capaces de amar y ser amados.<br \/>\nSi\u00e9ntanse capaces de responder a la Fuerza de su impulso interior.<\/p>\n<p>Sean libres, sean \u00edntegros, sean puros.<br \/>\nVayan por la vida expandiendo mi Nombre y mi Luz.<\/p>\n","protected":false},"excerpt":{"rendered":"<p>El peso de las responsabilidades hace que teman y se olviden de la verdadera Fuerza de su Esp\u00edritu. La Luz que se expande debe aliviar su carga sin producir nuevas obligaciones. La Luz que se manifiesta est\u00e1. Los temores s\u00f3lo llevan a la sombra. La severidad, la seriedad, es producto de la cultura; la cultura&hellip; <br \/> <a class=\"read-more\" href=\"https:\/\/klimahau.com\/plat\/el-peso-de-las-responsabilidades-08-01-2008\/\">Leer m\u00e1s<\/a><\/p>\n","protected":false},"author":1,"featured_media":0,"parent":0,"menu_order":0,"comment_status":"closed","ping_status":"closed","template":"page-templates\/page-with-right-sidebar.php","meta":[],"_links":{"self":[{"href":"https:\/\/klimahau.com\/plat\/wp-json\/wp\/v2\/pages\/471"}],"collection":[{"href":"https:\/\/klimahau.com\/plat\/wp-json\/wp\/v2\/pages"}],"about":[{"href":"https:\/\/klimahau.com\/plat\/wp-json\/wp\/v2\/types\/page"}],"author":[{"embeddable":true,"href":"https:\/\/klimahau.com\/plat\/wp-json\/wp\/v2\/users\/1"}],"replies":[{"embeddable":true,"href":"https:\/\/klimahau.com\/plat\/wp-json\/wp\/v2\/comments?post=471"}],"version-history":[{"count":1,"href":"https:\/\/klimahau.com\/plat\/wp-json\/wp\/v2\/pages\/471\/revisions"}],"predecessor-version":[{"id":473,"href":"https:\/\/klimahau.com\/plat\/wp-json\/wp\/v2\/pages\/471\/revisions\/473"}],"wp:attachment":[{"href":"https:\/\/klimahau.com\/plat\/wp-json\/wp\/v2\/media?parent=471"}],"curies":[{"name":"wp","href":"https:\/\/api.w.org\/{rel}","templated":true}]}}