{"id":387,"date":"2020-07-16T22:57:08","date_gmt":"2020-07-16T22:57:08","guid":{"rendered":"https:\/\/klimahau.com\/plat\/?page_id=387"},"modified":"2020-08-18T06:14:34","modified_gmt":"2020-08-18T06:14:34","slug":"rku","status":"publish","type":"page","link":"https:\/\/klimahau.com\/plat\/cursos\/rku\/","title":{"rendered":"Reiki Klimahau Unificado"},"content":{"rendered":"<p><strong><img loading=\"lazy\" class=\" wp-image-521 alignright\" src=\"https:\/\/klimahau.com\/plat\/wp-content\/uploads\/2020\/08\/Cubo-Metraton-300x169.png\" alt=\"\" width=\"253\" height=\"143\" srcset=\"https:\/\/klimahau.com\/plat\/wp-content\/uploads\/2020\/08\/Cubo-Metraton-300x169.png 300w, https:\/\/klimahau.com\/plat\/wp-content\/uploads\/2020\/08\/Cubo-Metraton-1024x576.png 1024w, https:\/\/klimahau.com\/plat\/wp-content\/uploads\/2020\/08\/Cubo-Metraton-768x432.png 768w, https:\/\/klimahau.com\/plat\/wp-content\/uploads\/2020\/08\/Cubo-Metraton.png 1070w\" sizes=\"(max-width: 253px) 100vw, 253px\" \/>Klimahau Unificado:<\/strong><\/p>\n<p>Klimahau tiene un solo nivel, aporta purificaci\u00f3n a trav\u00e9s de la conexi\u00f3n de los \u00e1ngeles, los rayos de la Luz, d\u00e1ndonos la capacidad de activar en nosotros la Paz, el Amor, la Misericordia, La Luz de la Familia, la Protecci\u00f3n, el Equilibrio y lo realiza desde sus 7 s\u00edmbolos o energ\u00edas.<\/p>\n<p>Tambi\u00e9n se inician los ni\u00f1os desde 40 d\u00edas de nacidos hasta los 13 a\u00f1os y las mamas embarazadas a partir de los 3 meses de gestaci\u00f3n. La iniciaci\u00f3n de los ni\u00f1os se hace como protecci\u00f3n y permite que desde peque\u00f1os todos sus Chakras vibren en el Amor mas puro.<\/p>\n<p>Tambi\u00e9n se pueden iniciar los j\u00f3venes desde los 13 a\u00f1os hasta los 18 a\u00f1os.<br \/>\nReciben un s\u00edmbolo que les aporta Paz, Equilibrio, Armon\u00eda y Claridad de Mente.<\/p>\n<p><strong>Las Maestr\u00edas tanto de Klimahau como de T\u00e9cnicas de Metatron Unificado prepara a los maestros para poder iniciar a otras personas<\/strong><\/p>\n","protected":false},"excerpt":{"rendered":"<p>Klimahau Unificado: Klimahau tiene un solo nivel, aporta purificaci\u00f3n a trav\u00e9s de la conexi\u00f3n de los \u00e1ngeles, los rayos de la Luz, d\u00e1ndonos la capacidad de activar en nosotros la Paz, el Amor, la Misericordia, La Luz de la Familia, la Protecci\u00f3n, el Equilibrio y lo realiza desde sus 7 s\u00edmbolos o energ\u00edas. Tambi\u00e9n se&hellip; <br \/> <a class=\"read-more\" href=\"https:\/\/klimahau.com\/plat\/cursos\/rku\/\">Leer m\u00e1s<\/a><\/p>\n","protected":false},"author":1,"featured_media":359,"parent":384,"menu_order":0,"comment_status":"closed","ping_status":"closed","template":"page-templates\/page-with-right-sidebar.php","meta":[],"_links":{"self":[{"href":"https:\/\/klimahau.com\/plat\/wp-json\/wp\/v2\/pages\/387"}],"collection":[{"href":"https:\/\/klimahau.com\/plat\/wp-json\/wp\/v2\/pages"}],"about":[{"href":"https:\/\/klimahau.com\/plat\/wp-json\/wp\/v2\/types\/page"}],"author":[{"embeddable":true,"href":"https:\/\/klimahau.com\/plat\/wp-json\/wp\/v2\/users\/1"}],"replies":[{"embeddable":true,"href":"https:\/\/klimahau.com\/plat\/wp-json\/wp\/v2\/comments?post=387"}],"version-history":[{"count":6,"href":"https:\/\/klimahau.com\/plat\/wp-json\/wp\/v2\/pages\/387\/revisions"}],"predecessor-version":[{"id":530,"href":"https:\/\/klimahau.com\/plat\/wp-json\/wp\/v2\/pages\/387\/revisions\/530"}],"up":[{"embeddable":true,"href":"https:\/\/klimahau.com\/plat\/wp-json\/wp\/v2\/pages\/384"}],"wp:featuredmedia":[{"embeddable":true,"href":"https:\/\/klimahau.com\/plat\/wp-json\/wp\/v2\/media\/359"}],"wp:attachment":[{"href":"https:\/\/klimahau.com\/plat\/wp-json\/wp\/v2\/media?parent=387"}],"curies":[{"name":"wp","href":"https:\/\/api.w.org\/{rel}","templated":true}]}}