{"id":381,"date":"2020-07-16T22:55:44","date_gmt":"2020-07-16T22:55:44","guid":{"rendered":"https:\/\/klimahau.com\/plat\/?page_id=381"},"modified":"2020-08-18T06:15:28","modified_gmt":"2020-08-18T06:15:28","slug":"klimahau-presencial","status":"publish","type":"page","link":"https:\/\/klimahau.com\/plat\/servicios\/klimahau-presencial\/","title":{"rendered":"Klimahau Presencial"},"content":{"rendered":"<p>La sesi\u00f3n de Reiki presencial se llevar\u00e1 a cabo en el lugar, d\u00eda, hora acordado con el\/la terapeuta, maestra\/o.<img loading=\"lazy\" class=\"size-medium wp-image-459 alignright\" src=\"https:\/\/klimahau.com\/plat\/wp-content\/uploads\/2020\/07\/bridge-19513_1280-300x200.jpg\" alt=\"\" width=\"300\" height=\"200\" srcset=\"https:\/\/klimahau.com\/plat\/wp-content\/uploads\/2020\/07\/bridge-19513_1280-300x200.jpg 300w, https:\/\/klimahau.com\/plat\/wp-content\/uploads\/2020\/07\/bridge-19513_1280-1024x682.jpg 1024w, https:\/\/klimahau.com\/plat\/wp-content\/uploads\/2020\/07\/bridge-19513_1280-768x512.jpg 768w, https:\/\/klimahau.com\/plat\/wp-content\/uploads\/2020\/07\/bridge-19513_1280.jpg 1280w\" sizes=\"(max-width: 300px) 100vw, 300px\" \/><\/p>\n<p>En la sesi\u00f3n se evaluar\u00e1 el motivo de la consulta, asesorando a la persona acerca de cu\u00e1l ser\u00e1 el tratamiento a seguir, cantidad de encuentros, despejando toda duda que pudiera surgir, y dejando en claro que Klimahau y T\u00e9cnicas de Metatron no es sustituto de ning\u00fan tratamiento, medicamento, m\u00e9dico, ni ning\u00fan tratamiento de \u00edndole profesional, psicol\u00f3gico, psiqui\u00e1trico que se est\u00e9 haciendo.<\/p>\n<p>Por el contrario, debe evaluarse como complementario y de ayuda extra a cualquier otro tratamiento en curso.<\/p>\n<p>El encuentro durar\u00e1 alrededor de 45 minutos, donde deber\u00e1 permanecer recostado con ojos cerrados aclar\u00e1ndole que se les pasar\u00e1 energ\u00eda a los diferentes chakras (centros energ\u00e9ticos) de acuerdo a la consulta, ya que desde all\u00ed se tratan el cuerpo <img loading=\"lazy\" class=\"size-medium wp-image-460 alignleft\" src=\"https:\/\/klimahau.com\/plat\/wp-content\/uploads\/2020\/07\/future-956144_1280-300x169.jpg\" alt=\"\" width=\"300\" height=\"169\" srcset=\"https:\/\/klimahau.com\/plat\/wp-content\/uploads\/2020\/07\/future-956144_1280-300x169.jpg 300w, https:\/\/klimahau.com\/plat\/wp-content\/uploads\/2020\/07\/future-956144_1280-1024x576.jpg 1024w, https:\/\/klimahau.com\/plat\/wp-content\/uploads\/2020\/07\/future-956144_1280-768x432.jpg 768w, https:\/\/klimahau.com\/plat\/wp-content\/uploads\/2020\/07\/future-956144_1280.jpg 1280w\" sizes=\"(max-width: 300px) 100vw, 300px\" \/>f\u00edsico, emocional, mental y espiritual.\u00a0 Logrando as\u00ed un mejor equilibrio, estado de paz, de amor, de bienestar.<\/p>\n<p>La energ\u00eda, vibraci\u00f3n de Klimahau no tiene contraindicaciones.\u00a0 Pudi\u00e9ndose utilizar a cualquier edad, dolores, patolog\u00edas y en todo momento. para una armonizaci\u00f3n energ\u00e9tica, limpieza, etc.<\/p>\n<p>Luego de recibido el tratamiento adecuado, se concertar\u00e1 las nuevas sesiones, si as\u00ed se requiriera.<\/p>\n<p>Las formas de abonar y el monto del arancel por el servicio se pautar\u00e1 con la\/el terapeuta.<\/p>\n<p>&nbsp;<\/p>\n","protected":false},"excerpt":{"rendered":"<p>La sesi\u00f3n de Reiki presencial se llevar\u00e1 a cabo en el lugar, d\u00eda, hora acordado con el\/la terapeuta, maestra\/o. En la sesi\u00f3n se evaluar\u00e1 el motivo de la consulta, asesorando a la persona acerca de cu\u00e1l ser\u00e1 el tratamiento a seguir, cantidad de encuentros, despejando toda duda que pudiera surgir, y dejando en claro que&hellip; <br \/> <a class=\"read-more\" href=\"https:\/\/klimahau.com\/plat\/servicios\/klimahau-presencial\/\">Leer m\u00e1s<\/a><\/p>\n","protected":false},"author":1,"featured_media":452,"parent":375,"menu_order":0,"comment_status":"closed","ping_status":"closed","template":"page-templates\/page-with-right-sidebar.php","meta":[],"_links":{"self":[{"href":"https:\/\/klimahau.com\/plat\/wp-json\/wp\/v2\/pages\/381"}],"collection":[{"href":"https:\/\/klimahau.com\/plat\/wp-json\/wp\/v2\/pages"}],"about":[{"href":"https:\/\/klimahau.com\/plat\/wp-json\/wp\/v2\/types\/page"}],"author":[{"embeddable":true,"href":"https:\/\/klimahau.com\/plat\/wp-json\/wp\/v2\/users\/1"}],"replies":[{"embeddable":true,"href":"https:\/\/klimahau.com\/plat\/wp-json\/wp\/v2\/comments?post=381"}],"version-history":[{"count":3,"href":"https:\/\/klimahau.com\/plat\/wp-json\/wp\/v2\/pages\/381\/revisions"}],"predecessor-version":[{"id":465,"href":"https:\/\/klimahau.com\/plat\/wp-json\/wp\/v2\/pages\/381\/revisions\/465"}],"up":[{"embeddable":true,"href":"https:\/\/klimahau.com\/plat\/wp-json\/wp\/v2\/pages\/375"}],"wp:featuredmedia":[{"embeddable":true,"href":"https:\/\/klimahau.com\/plat\/wp-json\/wp\/v2\/media\/452"}],"wp:attachment":[{"href":"https:\/\/klimahau.com\/plat\/wp-json\/wp\/v2\/media?parent=381"}],"curies":[{"name":"wp","href":"https:\/\/api.w.org\/{rel}","templated":true}]}}